{"id":2760,"date":"2024-06-11T23:46:05","date_gmt":"2024-06-11T23:46:05","guid":{"rendered":"https:\/\/worldatlantictravel.com\/inicio\/?page_id=2760"},"modified":"2024-06-11T23:50:02","modified_gmt":"2024-06-11T23:50:02","slug":"referidos","status":"publish","type":"page","link":"https:\/\/worldatlantictravel.com\/inicio\/referidos\/","title":{"rendered":"Referidos"},"content":{"rendered":"\t\t<div data-elementor-type=\"wp-page\" data-elementor-id=\"2760\" class=\"elementor elementor-2760\">\n\t\t\t\t<div class=\"elementor-element elementor-element-ba7edcb e-flex e-con-boxed e-con e-parent\" data-id=\"ba7edcb\" data-element_type=\"container\" data-e-type=\"container\">\n\t\t\t\t\t<div class=\"e-con-inner\">\n\t\t\t\t<div class=\"elementor-element elementor-element-40170e2 elementor-widget elementor-widget-text-editor\" data-id=\"40170e2\" data-element_type=\"widget\" data-e-type=\"widget\" data-widget_type=\"text-editor.default\">\n\t\t\t\t<div class=\"elementor-widget-container\">\n\t\t\t\t\t\t\t\t\t<h2 data-sourcepos=\"1:1-1:78\">Emb\u00e1rcate en un viaje de experiencias compartidas con World Atlantic Travel<\/h2><p data-sourcepos=\"3:1-3:92\">Donde cada momento se convierte en una historia preciada para contar. Nuestra creencia en el poder de los viajes radica en las conexiones que forjamos con seres queridos en el camino.<\/p><p data-sourcepos=\"5:1-5:58\">Mientras exploras el mundo con nosotros, nos aseguramos de que cada aventura est\u00e9 llena de recuerdos inolvidables. Ahora, extiende este regalo de viajes extraordinarios a tus amigos y familiares.<\/p><p data-sourcepos=\"7:1-7:44\">Cuando tus seres queridos emprenden un viaje con nosotros, motivados por tu recomendaci\u00f3n, expresamos nuestra gratitud agregando un toque especial de magia a tu pr\u00f3xima aventura. Un regalo especial de agradecimiento, dise\u00f1ado exclusivamente para ti, te espera.<\/p><p data-sourcepos=\"9:1-9:235\">Es simple: presenta a tus amigos y familiares al equipo de World Atlantic Travel enviando un correo electr\u00f3nico a\u00a0<span style=\"font-weight: var(--ignition-font-weight-bold);\">referrals@worldatlantictravel.com<\/span>\u00a0o aseg\u00farate de que mencionen tu nombre al contactarnos. Convirtamos los sue\u00f1os en realidad, juntos.<\/p>\t\t\t\t\t\t\t\t<\/div>\n\t\t\t\t<\/div>\n\t\t\t\t<div class=\"elementor-element elementor-element-798c255 elementor-widget elementor-widget-image\" data-id=\"798c255\" data-element_type=\"widget\" data-e-type=\"widget\" data-widget_type=\"image.default\">\n\t\t\t\t<div class=\"elementor-widget-container\">\n\t\t\t\t\t\t\t\t\t\t\t\t\t\t\t<img fetchpriority=\"high\" decoding=\"async\" width=\"1024\" height=\"683\" src=\"https:\/\/worldatlantictravel.com\/inicio\/wp-content\/uploads\/2024\/05\/Sonson-1-1024x683.jpg\" class=\"attachment-large size-large wp-image-2080\" alt=\"\" srcset=\"https:\/\/worldatlantictravel.com\/inicio\/wp-content\/uploads\/2024\/05\/Sonson-1-1024x683.jpg 1024w, https:\/\/worldatlantictravel.com\/inicio\/wp-content\/uploads\/2024\/05\/Sonson-1-300x200.jpg 300w, https:\/\/worldatlantictravel.com\/inicio\/wp-content\/uploads\/2024\/05\/Sonson-1-768x512.jpg 768w, https:\/\/worldatlantictravel.com\/inicio\/wp-content\/uploads\/2024\/05\/Sonson-1-870x580.jpg 870w, https:\/\/worldatlantictravel.com\/inicio\/wp-content\/uploads\/2024\/05\/Sonson-1-615x410.jpg 615w, https:\/\/worldatlantictravel.com\/inicio\/wp-content\/uploads\/2024\/05\/Sonson-1.jpg 1170w\" sizes=\"(max-width: 1024px) 100vw, 1024px\" \/>\t\t\t\t\t\t\t\t\t\t\t\t\t\t\t<\/div>\n\t\t\t\t<\/div>\n\t\t\t\t\t<\/div>\n\t\t\t\t<\/div>\n\t\t\t\t<\/div>\n\t\t","protected":false},"excerpt":{"rendered":"<p>Emb\u00e1rcate en un viaje de experiencias compartidas con World Atlantic Travel Donde cada momento se convierte en una historia preciada para contar. Nuestra creencia en el poder de los viajes radica en las conexiones que [&hellip;]<\/p>\n","protected":false},"author":1,"featured_media":0,"parent":0,"menu_order":0,"comment_status":"closed","ping_status":"closed","template":"templates\/template-fullwidth-boxed.php","meta":{"inline_featured_image":false,"footnotes":""},"class_list":["post-2760","page","type-page","status-publish","hentry"],"_links":{"self":[{"href":"https:\/\/worldatlantictravel.com\/inicio\/wp-json\/wp\/v2\/pages\/2760","targetHints":{"allow":["GET"]}}],"collection":[{"href":"https:\/\/worldatlantictravel.com\/inicio\/wp-json\/wp\/v2\/pages"}],"about":[{"href":"https:\/\/worldatlantictravel.com\/inicio\/wp-json\/wp\/v2\/types\/page"}],"author":[{"embeddable":true,"href":"https:\/\/worldatlantictravel.com\/inicio\/wp-json\/wp\/v2\/users\/1"}],"replies":[{"embeddable":true,"href":"https:\/\/worldatlantictravel.com\/inicio\/wp-json\/wp\/v2\/comments?post=2760"}],"version-history":[{"count":4,"href":"https:\/\/worldatlantictravel.com\/inicio\/wp-json\/wp\/v2\/pages\/2760\/revisions"}],"predecessor-version":[{"id":2764,"href":"https:\/\/worldatlantictravel.com\/inicio\/wp-json\/wp\/v2\/pages\/2760\/revisions\/2764"}],"wp:attachment":[{"href":"https:\/\/worldatlantictravel.com\/inicio\/wp-json\/wp\/v2\/media?parent=2760"}],"curies":[{"name":"wp","href":"https:\/\/api.w.org\/{rel}","templated":true}]}}