{"id":2755,"date":"2024-06-11T23:42:42","date_gmt":"2024-06-11T23:42:42","guid":{"rendered":"https:\/\/worldatlantictravel.com\/inicio\/?page_id=2755"},"modified":"2024-06-11T23:44:41","modified_gmt":"2024-06-11T23:44:41","slug":"nuestro-equipo","status":"publish","type":"page","link":"https:\/\/worldatlantictravel.com\/inicio\/nuestro-equipo\/","title":{"rendered":"Nuestro Equipo"},"content":{"rendered":"\t\t<div data-elementor-type=\"wp-page\" data-elementor-id=\"2755\" class=\"elementor elementor-2755\">\n\t\t\t\t<div class=\"elementor-element elementor-element-ba7edcb e-flex e-con-boxed e-con e-parent\" data-id=\"ba7edcb\" data-element_type=\"container\" data-e-type=\"container\">\n\t\t\t\t\t<div class=\"e-con-inner\">\n\t\t\t\t<div class=\"elementor-element elementor-element-40170e2 elementor-widget elementor-widget-text-editor\" data-id=\"40170e2\" data-element_type=\"widget\" data-e-type=\"widget\" data-widget_type=\"text-editor.default\">\n\t\t\t\t<div class=\"elementor-widget-container\">\n\t\t\t\t\t\t\t\t\t<div class=\"avatar-gutter ng-tns-c3212817250-111 ng-star-inserted\"><div class=\"resize-observable\">\u00a0<\/div><\/div><div class=\"response-container-content ng-tns-c3212817250-111\"><div class=\"response-content ng-tns-c3212817250-111\"><div class=\"markdown markdown-main-panel\" dir=\"ltr\"><h2 class=\"\" data-sourcepos=\"1:1-1:72\">World Atlantic Travel: Experiencias de viaje que marcan la diferencia<\/h2><p data-sourcepos=\"3:1-3:47\"><strong>Nuestro compromiso con un impacto positivo:<\/strong><\/p><p data-sourcepos=\"5:1-5:65\">Nuestro equipo est\u00e1 dedicado a brindarte las mejores experiencias de viaje. Por eso, visitamos regularmente las propiedades que recomendamos. Estas visitas nos permiten construir relaciones s\u00f3lidas con nuestros socios locales, asegurando que las experiencias que creamos se alineen perfectamente con nuestra visi\u00f3n de viajes de impacto positivo. Al interactuar directamente con nuestros socios en el terreno, obtenemos informaci\u00f3n de primera mano sobre las cualidades \u00fanicas y las pr\u00e1cticas sostenibles que hacen especial a cada propiedad. Este enfoque pr\u00e1ctico nos permite garantizar una experiencia de viaje excepcional y consciente para nuestros hu\u00e9spedes, donde cada estad\u00eda contribuye al bienestar de la comunidad local y el medio ambiente.<\/p><p data-sourcepos=\"7:1-7:235\"><strong>World Atlantic Airlines ejemplifica nuestra dedicaci\u00f3n a evolucionar la industria del turismo. Creemos que los viajes deben impactar positivamente los destinos que visitamos, al mismo tiempo que mejoran la experiencia del pasajero.<\/strong><\/p><p data-sourcepos=\"9:1-9:30\"><strong>Planificaci\u00f3n inteligente:<\/strong><\/p><p data-sourcepos=\"11:1-11:317\">En World Atlantic Travel, la planificaci\u00f3n de tu experiencia es nuestra pasi\u00f3n. Nuestros dise\u00f1adores de viajes se mantienen actualizados con las \u00faltimas noticias y lineamientos, brind\u00e1ndote informaci\u00f3n y asesoramiento claros e imparciales para crear un viaje que muestre lo mejor que tus destinos tienen para ofrecer.<\/p><p data-sourcepos=\"13:1-13:24\"><strong>Atenci\u00f3n al detalle:<\/strong><\/p><p data-sourcepos=\"15:1-15:2\">Tu concierge personal, con sede en tu regi\u00f3n de viaje, siempre est\u00e1 disponible para ayudarte. Desde el momento de la reserva hasta tu regreso a casa, se encargar\u00e1n de cualquier pregunta, arreglo y adaptaci\u00f3n necesaria. Todo lo que necesitas hacer es sentarte, relajarte y esperar el viaje que has so\u00f1ado.<\/p><p data-sourcepos=\"17:1-17:21\"><strong>Soporte completo:<\/strong><\/p><p data-sourcepos=\"19:1-19:241\">Estamos contigo en cada paso del camino. A lo largo de tu viaje, tendr\u00e1s soporte en el pa\u00eds listo para manejar cualquier situaci\u00f3n. Disfruta de la tranquilidad sabiendo que est\u00e1s completamente respaldado, incluso cuando ocurra lo inesperado.<\/p><\/div><\/div><\/div>\t\t\t\t\t\t\t\t<\/div>\n\t\t\t\t<\/div>\n\t\t\t\t\t<\/div>\n\t\t\t\t<\/div>\n\t\t\t\t<\/div>\n\t\t","protected":false},"excerpt":{"rendered":"<p>\u00a0 World Atlantic Travel: Experiencias de viaje que marcan la diferencia Nuestro compromiso con un impacto positivo: Nuestro equipo est\u00e1 dedicado a brindarte las mejores experiencias de viaje. Por eso, visitamos regularmente las propiedades que [&hellip;]<\/p>\n","protected":false},"author":1,"featured_media":0,"parent":0,"menu_order":0,"comment_status":"closed","ping_status":"closed","template":"templates\/template-fullwidth-boxed.php","meta":{"inline_featured_image":false,"footnotes":""},"class_list":["post-2755","page","type-page","status-publish","hentry"],"_links":{"self":[{"href":"https:\/\/worldatlantictravel.com\/inicio\/wp-json\/wp\/v2\/pages\/2755","targetHints":{"allow":["GET"]}}],"collection":[{"href":"https:\/\/worldatlantictravel.com\/inicio\/wp-json\/wp\/v2\/pages"}],"about":[{"href":"https:\/\/worldatlantictravel.com\/inicio\/wp-json\/wp\/v2\/types\/page"}],"author":[{"embeddable":true,"href":"https:\/\/worldatlantictravel.com\/inicio\/wp-json\/wp\/v2\/users\/1"}],"replies":[{"embeddable":true,"href":"https:\/\/worldatlantictravel.com\/inicio\/wp-json\/wp\/v2\/comments?post=2755"}],"version-history":[{"count":4,"href":"https:\/\/worldatlantictravel.com\/inicio\/wp-json\/wp\/v2\/pages\/2755\/revisions"}],"predecessor-version":[{"id":2759,"href":"https:\/\/worldatlantictravel.com\/inicio\/wp-json\/wp\/v2\/pages\/2755\/revisions\/2759"}],"wp:attachment":[{"href":"https:\/\/worldatlantictravel.com\/inicio\/wp-json\/wp\/v2\/media?parent=2755"}],"curies":[{"name":"wp","href":"https:\/\/api.w.org\/{rel}","templated":true}]}}